{"id":723,"date":"2023-11-21T23:41:40","date_gmt":"2023-11-21T22:41:40","guid":{"rendered":"http:\/\/frank-oberschelp.de.w01f8163.kasserver.com\/?page_id=723"},"modified":"2025-07-15T19:18:10","modified_gmt":"2025-07-15T17:18:10","slug":"bio","status":"publish","type":"page","link":"https:\/\/www.frank-oberschelp.de\/en\/bio\/","title":{"rendered":"Biography"},"content":{"rendered":"<p><img loading=\"lazy\" decoding=\"async\" class=\"wp-image-731 alignleft\" src=\"http:\/\/frank-oberschelp.de\/web\/wp-content\/uploads\/2023\/11\/20231116-IMG_0491-1-1-200x300.jpg\" alt=\"\" width=\"341\" height=\"512\" srcset=\"https:\/\/www.frank-oberschelp.de\/wp-content\/uploads\/2023\/11\/20231116-IMG_0491-1-1-200x300.jpg 200w, https:\/\/www.frank-oberschelp.de\/wp-content\/uploads\/2023\/11\/20231116-IMG_0491-1-1-683x1024.jpg 683w, https:\/\/www.frank-oberschelp.de\/wp-content\/uploads\/2023\/11\/20231116-IMG_0491-1-1-768x1152.jpg 768w, https:\/\/www.frank-oberschelp.de\/wp-content\/uploads\/2023\/11\/20231116-IMG_0491-1-1-1024x1536.jpg 1024w, https:\/\/www.frank-oberschelp.de\/wp-content\/uploads\/2023\/11\/20231116-IMG_0491-1-1.jpg 1365w\" sizes=\"(max-width: 341px) 100vw, 341px\" \/><\/p>\n\n\n<p>Frank Oberschelp was born in M\u00fcnster, Westphalia. He studied recorder with Heiko ter Schegget, Baldrick Deerenberg and Marion Verbruggen at the Hogeschool voor de Kunsten Utrecht. Frank Oberschelp passed both the bachelor of Music exam and the master of music- exam there with distinction. In 1998 he won the solo competition of the \"International Recorder Symposium Calw\".<\/p>\n\n\n\n<p>Frank Oberschelp performs with various ensembles and orchestras in Germany and Europe. His repertoire as a recorder player includes works of early music from the Middle Ages to the Baroque, as well as works of contemporary music. Several CD productions document his artistic work: including \"Bittersweet\" in 2007, \"Flauto senza Basso\" in 2008, \"H\u00e4ndel &amp; Friends\" in 2009, \"Travels\" in 2012 , \"Steinzeitgefl\u00fcster\" in 2020 and \"Armonia celeste\" in 2025.<\/p>\n\n\n\n<p>Die p\u00e4dagogische Arbeit ist ein wichtiger Schwerpunkt in seinem beruflichen Wirken. Seit 1995 unterrichtet Frank Oberschelp Blockfl\u00f6te an der Musik- und Kunstschule Bielefeld und leitet dort auch den Fachbereich der Bl\u00e4ser. Als Ensembleleiter mehrerer Blockfl\u00f6tenensembles\u00a0 ist er sehr aktiv in projektbezogener Ensemble- und Coachingarbeit. Seit 2019 hat er zudem einen Lehrauftrag f\u00fcr Blockfl\u00f6te an der Hochschule f\u00fcr Musik Detmold inne.<\/p>\n\n\n\n<p>Frank Oberschelp ist dar\u00fcber hinaus ein gefragter Referent f\u00fcr Ensemble-Workshops bei Festivals und Veranstaltungen, u.a. bei den Open Recorderdays Amsterdam (ORDA), beim Blockfl\u00f6tenshop.de in Fulda, der ERTA (European Recorder Teachers Association) und den Blockfl\u00f6tenfesttagen in Bad Kissingen.<\/p>\n\n\n\n<p><\/p>\n\n\n\n<p><\/p>\n\n\n\n<p><\/p>\n\n\n\n<p><\/p>\n\n\n\n<p><\/p>\n\n\n\n<p><\/p>\n\n\n\n<p><\/p>\n\n\n\n<p><\/p>\n\n\n\n<p><\/p>\n\n\n\n<ul class=\"wp-block-social-links is-style-logos-only is-layout-flex wp-block-social-links-is-layout-flex\"><li class=\"wp-social-link wp-social-link-facebook  wp-block-social-link\"><a href=\"https:\/\/www.facebook.com\/frank.oberschelp.9\" class=\"wp-block-social-link-anchor\"><svg width=\"24\" height=\"24\" viewbox=\"0 0 24 24\" version=\"1.1\" xmlns=\"http:\/\/www.w3.org\/2000\/svg\" aria-hidden=\"true\" focusable=\"false\"><path d=\"M12 2C6.5 2 2 6.5 2 12c0 5 3.7 9.1 8.4 9.9v-7H7.9V12h2.5V9.8c0-2.5 1.5-3.9 3.8-3.9 1.1 0 2.2.2 2.2.2v2.5h-1.3c-1.2 0-1.6.8-1.6 1.6V12h2.8l-.4 2.9h-2.3v7C18.3 21.1 22 17 22 12c0-5.5-4.5-10-10-10z\"><\/path><\/svg><span class=\"wp-block-social-link-label screen-reader-text\">Facebook<\/span><\/a><\/li>\n\n<li class=\"wp-social-link wp-social-link-instagram  wp-block-social-link\"><a href=\"https:\/\/www.instagram.com\/frankoberschelp\/\" class=\"wp-block-social-link-anchor\"><svg width=\"24\" height=\"24\" viewbox=\"0 0 24 24\" version=\"1.1\" xmlns=\"http:\/\/www.w3.org\/2000\/svg\" aria-hidden=\"true\" focusable=\"false\"><path d=\"M12,4.622c2.403,0,2.688,0.009,3.637,0.052c0.877,0.04,1.354,0.187,1.671,0.31c0.42,0.163,0.72,0.358,1.035,0.673 c0.315,0.315,0.51,0.615,0.673,1.035c0.123,0.317,0.27,0.794,0.31,1.671c0.043,0.949,0.052,1.234,0.052,3.637 s-0.009,2.688-0.052,3.637c-0.04,0.877-0.187,1.354-0.31,1.671c-0.163,0.42-0.358,0.72-0.673,1.035 c-0.315,0.315-0.615,0.51-1.035,0.673c-0.317,0.123-0.794,0.27-1.671,0.31c-0.949,0.043-1.233,0.052-3.637,0.052 s-2.688-0.009-3.637-0.052c-0.877-0.04-1.354-0.187-1.671-0.31c-0.42-0.163-0.72-0.358-1.035-0.673 c-0.315-0.315-0.51-0.615-0.673-1.035c-0.123-0.317-0.27-0.794-0.31-1.671C4.631,14.688,4.622,14.403,4.622,12 s0.009-2.688,0.052-3.637c0.04-0.877,0.187-1.354,0.31-1.671c0.163-0.42,0.358-0.72,0.673-1.035 c0.315-0.315,0.615-0.51,1.035-0.673c0.317-0.123,0.794-0.27,1.671-0.31C9.312,4.631,9.597,4.622,12,4.622 M12,3 C9.556,3,9.249,3.01,8.289,3.054C7.331,3.098,6.677,3.25,6.105,3.472C5.513,3.702,5.011,4.01,4.511,4.511 c-0.5,0.5-0.808,1.002-1.038,1.594C3.25,6.677,3.098,7.331,3.054,8.289C3.01,9.249,3,9.556,3,12c0,2.444,0.01,2.751,0.054,3.711 c0.044,0.958,0.196,1.612,0.418,2.185c0.23,0.592,0.538,1.094,1.038,1.594c0.5,0.5,1.002,0.808,1.594,1.038 c0.572,0.222,1.227,0.375,2.185,0.418C9.249,20.99,9.556,21,12,21s2.751-0.01,3.711-0.054c0.958-0.044,1.612-0.196,2.185-0.418 c0.592-0.23,1.094-0.538,1.594-1.038c0.5-0.5,0.808-1.002,1.038-1.594c0.222-0.572,0.375-1.227,0.418-2.185 C20.99,14.751,21,14.444,21,12s-0.01-2.751-0.054-3.711c-0.044-0.958-0.196-1.612-0.418-2.185c-0.23-0.592-0.538-1.094-1.038-1.594 c-0.5-0.5-1.002-0.808-1.594-1.038c-0.572-0.222-1.227-0.375-2.185-0.418C14.751,3.01,14.444,3,12,3L12,3z M12,7.378 c-2.552,0-4.622,2.069-4.622,4.622S9.448,16.622,12,16.622s4.622-2.069,4.622-4.622S14.552,7.378,12,7.378z M12,15 c-1.657,0-3-1.343-3-3s1.343-3,3-3s3,1.343,3,3S13.657,15,12,15z M16.804,6.116c-0.596,0-1.08,0.484-1.08,1.08 s0.484,1.08,1.08,1.08c0.596,0,1.08-0.484,1.08-1.08S17.401,6.116,16.804,6.116z\"><\/path><\/svg><span class=\"wp-block-social-link-label screen-reader-text\">Instagram<\/span><\/a><\/li><\/ul>","protected":false},"excerpt":{"rendered":"<p>Frank Oberschelp wurde in M\u00fcnster, Westfalen geboren. Er studierte Blockfl\u00f6te bei Heiko ter Schegget, Baldrick Deerenberg und Marion Verbruggen an der Hogeschool voor de Kunsten Utrecht. Frank Oberschelp legte dort das Docerend- Musicusexamen als auch das Konzertexamen mit Auszeichnung ab. 1998 gewann er den Solowettbewerb des \u201eInternationalen Blockfl\u00f6tensymposion Calw\u201c. Frank Oberschelp konzertiert mit verschiedenen Ensembles&hellip;<\/p>","protected":false},"author":2,"featured_media":0,"parent":0,"menu_order":0,"comment_status":"closed","ping_status":"closed","template":"","meta":{"footnotes":""},"class_list":["post-723","page","type-page","status-publish","hentry"],"aioseo_notices":[],"_links":{"self":[{"href":"https:\/\/www.frank-oberschelp.de\/en\/wp-json\/wp\/v2\/pages\/723"}],"collection":[{"href":"https:\/\/www.frank-oberschelp.de\/en\/wp-json\/wp\/v2\/pages"}],"about":[{"href":"https:\/\/www.frank-oberschelp.de\/en\/wp-json\/wp\/v2\/types\/page"}],"author":[{"embeddable":true,"href":"https:\/\/www.frank-oberschelp.de\/en\/wp-json\/wp\/v2\/users\/2"}],"replies":[{"embeddable":true,"href":"https:\/\/www.frank-oberschelp.de\/en\/wp-json\/wp\/v2\/comments?post=723"}],"version-history":[{"count":21,"href":"https:\/\/www.frank-oberschelp.de\/en\/wp-json\/wp\/v2\/pages\/723\/revisions"}],"predecessor-version":[{"id":1328,"href":"https:\/\/www.frank-oberschelp.de\/en\/wp-json\/wp\/v2\/pages\/723\/revisions\/1328"}],"wp:attachment":[{"href":"https:\/\/www.frank-oberschelp.de\/en\/wp-json\/wp\/v2\/media?parent=723"}],"curies":[{"name":"wp","href":"https:\/\/api.w.org\/{rel}","templated":true}]}}