{"id":59,"date":"2016-11-17T12:26:01","date_gmt":"2016-11-17T11:26:01","guid":{"rendered":"http:\/\/oberschelp.plesk2.omg.de\/web\/?page_id=59"},"modified":"2023-11-20T12:10:20","modified_gmt":"2023-11-20T11:10:20","slug":"impressum","status":"publish","type":"page","link":"https:\/\/www.frank-oberschelp.de\/en\/impressum\/","title":{"rendered":"Impressum"},"content":{"rendered":"<p>Frank Oberschelp<br \/>\nRolandstr. 34, 33615 Bielefeld<br \/>\nTelefon: 0172- 751 69 25<br \/>\nE-Mail: <a href=\"mailto:info@frank-oberschelp.de\">info@frank-oberschelp.de<\/a><\/p>\n<p>Inhaltlich Verantwortlicher gem\u00e4\u00df \u00a7 55 Abs. 2 RStV: Frank Oberschelp (Anschrift wie oben)<\/p>\n<p>Haftungshinweis: Trotz sorgf\u00e4ltiger inhaltlicher Kontrolle \u00fcbernehmen wir keine Haftung f\u00fcr die Inhalte externer Links. F\u00fcr den Inhalt der verlinkten Seiten sind ausschlie\u00dflich deren Betreiber verantwortlich.<\/p>\n<p>Fotos: Peter Wehowsky<br \/>\nAudio: Frank Oberschelp, Heidi Bogena, Christian Henke, Reinhold Westerheide<\/p>","protected":false},"excerpt":{"rendered":"<p>Frank Oberschelp Rolandstr. 34, 33615 Bielefeld Telefon: 0172- 751 69 25 E-Mail: info@frank-oberschelp.de Inhaltlich Verantwortlicher gem\u00e4\u00df \u00a7 55 Abs. 2 RStV: Frank Oberschelp (Anschrift wie oben) Haftungshinweis: Trotz sorgf\u00e4ltiger inhaltlicher Kontrolle \u00fcbernehmen wir keine Haftung f\u00fcr die Inhalte externer Links. F\u00fcr den Inhalt der verlinkten Seiten sind ausschlie\u00dflich deren Betreiber verantwortlich. Fotos: Peter Wehowsky Audio:&hellip;<\/p>","protected":false},"author":1,"featured_media":78,"parent":0,"menu_order":0,"comment_status":"closed","ping_status":"closed","template":"","meta":{"footnotes":""},"class_list":["post-59","page","type-page","status-publish","has-post-thumbnail","hentry"],"aioseo_notices":[],"_links":{"self":[{"href":"https:\/\/www.frank-oberschelp.de\/en\/wp-json\/wp\/v2\/pages\/59"}],"collection":[{"href":"https:\/\/www.frank-oberschelp.de\/en\/wp-json\/wp\/v2\/pages"}],"about":[{"href":"https:\/\/www.frank-oberschelp.de\/en\/wp-json\/wp\/v2\/types\/page"}],"author":[{"embeddable":true,"href":"https:\/\/www.frank-oberschelp.de\/en\/wp-json\/wp\/v2\/users\/1"}],"replies":[{"embeddable":true,"href":"https:\/\/www.frank-oberschelp.de\/en\/wp-json\/wp\/v2\/comments?post=59"}],"version-history":[{"count":10,"href":"https:\/\/www.frank-oberschelp.de\/en\/wp-json\/wp\/v2\/pages\/59\/revisions"}],"predecessor-version":[{"id":568,"href":"https:\/\/www.frank-oberschelp.de\/en\/wp-json\/wp\/v2\/pages\/59\/revisions\/568"}],"wp:featuredmedia":[{"embeddable":true,"href":"https:\/\/www.frank-oberschelp.de\/en\/wp-json\/wp\/v2\/media\/78"}],"wp:attachment":[{"href":"https:\/\/www.frank-oberschelp.de\/en\/wp-json\/wp\/v2\/media?parent=59"}],"curies":[{"name":"wp","href":"https:\/\/api.w.org\/{rel}","templated":true}]}}